{"id":381,"date":"2024-06-03T23:18:46","date_gmt":"2024-06-03T21:18:46","guid":{"rendered":"https:\/\/naszdomopoczno.pl\/?page_id=381"},"modified":"2024-06-03T23:25:34","modified_gmt":"2024-06-03T21:25:34","slug":"strefa","status":"publish","type":"page","link":"https:\/\/naszdomopoczno.pl\/?page_id=381","title":{"rendered":"STREFA CZ\u0141ONKOWSKA"},"content":{"rendered":"<p><div class=\"ppw-restricted-content ppw-pcp-container\" id=\"381544\">\n\t<form method=\"post\" autocomplete=\"off\" action=\"https:\/\/naszdomopoczno.pl\/?page_id=381?action=postpass&r=87\" target=\"_top\" class=\"post-password-form ppw-form ppw-pcp-password-form\" data-submit=\"381\">\n\t\t<div class=\"ppw-headline ppw-pcp-pf-headline\"><p>W celu zalogowania si\u0119 do strefy cz\u0142onka nale\u017cy wprowadzi\u0107 nr <strong>ID<\/strong> oraz <strong>has\u0142o<\/strong> (przekazane przez Sp\u00f3\u0142dzielnie Mieszkaniow\u0105).<\/p><p>Pomi\u0119dzy numer <strong>ID<\/strong> a <strong>has\u0142em<\/strong> nale\u017cy wprowadzi\u0107 znak <strong>-<\/strong><\/p><\/div>\n\t\t<div class=\"ppw-description ppw-pcp-pf-desc\"><p>W pole nale\u017cy wprowadzi\u0107 has\u0142o wed\u0142ug przyk\u0142adowego wzoru: np: <strong>xxxxxx-aaaaaaa<\/strong><\/p><\/div>\n\t\t\n\t\t<p class=\"ppw-input\">\n\t\t\t<input type=\"hidden\" value=\"357\" name=\"area\" \/>\n\t\t\t<label class=\"ppw-pcp-password-label\">Has\u0142o: <input placeholder=\"\" type=\"password\" tabindex=\"1\" name=\"381\" class=\"ppw-password-input ppw-pcp-pf-password-input\" autocomplete=\"new-password\">\n\t\t\t<\/label>\n\t\t\t<input class=\"ppw-page\" type=\"hidden\" value=\"1\" \/><label class=\"ppw-pcp-checkbox-label\"><input class=\"ppw-pcp-checkbox\" type=\"checkbox\" \/> Poka\u017c has\u0142o <\/label>\n\t\t\t\n\t\t\t\t\t\t<input name=\"submit\" type=\"submit\" data-loading=\"Logowanie ...\" class=\"ppw-submit ppw-pcp-pf-submit-btn\" value=\"Loguj\"\/>\n\t\t<\/p>\n\t\t\n\t\t<div class=\"ppw-pcp-pf-desc-below-form\"><\/div>\n\t\t\n\t\t<div class=\"ppw-error ppw-pcp-pf-error-msg\" style=\"color: #dc3232\">\n\t\t\t\n\t\t<\/div>\n\t<\/form>\n<\/div>\n<\/p>\n","protected":false},"excerpt":{"rendered":"","protected":false},"author":1,"featured_media":0,"parent":0,"menu_order":0,"comment_status":"closed","ping_status":"closed","template":"","meta":{"footnotes":""},"class_list":["post-381","page","type-page","status-publish","hentry"],"yoast_head":"<!-- This site is optimized with the Yoast SEO plugin v25.9 - https:\/\/yoast.com\/wordpress\/plugins\/seo\/ -->\n<title>STREFA CZ\u0141ONKOWSKA - SP\u00d3\u0141DZIELNIA MIESZKANIOWA LOKATORSKO - W\u0141ASNO\u015aCIOWA &quot;NASZ DOM&quot; W OPOCZNIE<\/title>\n<meta name=\"robots\" content=\"index, follow, max-snippet:-1, max-image-preview:large, max-video-preview:-1\" \/>\n<link rel=\"canonical\" href=\"https:\/\/naszdomopoczno.pl\/?page_id=381\" \/>\n<meta property=\"og:locale\" content=\"pl_PL\" \/>\n<meta property=\"og:type\" content=\"article\" \/>\n<meta property=\"og:title\" content=\"STREFA CZ\u0141ONKOWSKA - SP\u00d3\u0141DZIELNIA MIESZKANIOWA LOKATORSKO - W\u0141ASNO\u015aCIOWA &quot;NASZ DOM&quot; W OPOCZNIE\" \/>\n<meta property=\"og:url\" content=\"https:\/\/naszdomopoczno.pl\/?page_id=381\" \/>\n<meta property=\"og:site_name\" content=\"SP\u00d3\u0141DZIELNIA MIESZKANIOWA LOKATORSKO - W\u0141ASNO\u015aCIOWA &quot;NASZ DOM&quot; W OPOCZNIE\" \/>\n<meta property=\"article:modified_time\" content=\"2024-06-03T21:25:34+00:00\" \/>\n<meta name=\"twitter:card\" content=\"summary_large_image\" \/>\n<meta name=\"twitter:label1\" content=\"Szacowany czas czytania\" \/>\n\t<meta name=\"twitter:data1\" content=\"1 minuta\" \/>\n<script type=\"application\/ld+json\" class=\"yoast-schema-graph\">{\"@context\":\"https:\/\/schema.org\",\"@graph\":[{\"@type\":\"WebPage\",\"@id\":\"https:\/\/naszdomopoczno.pl\/?page_id=381\",\"url\":\"https:\/\/naszdomopoczno.pl\/?page_id=381\",\"name\":\"STREFA CZ\u0141ONKOWSKA - SP\u00d3\u0141DZIELNIA MIESZKANIOWA LOKATORSKO - W\u0141ASNO\u015aCIOWA &quot;NASZ DOM&quot; W OPOCZNIE\",\"isPartOf\":{\"@id\":\"https:\/\/naszdomopoczno.pl\/#website\"},\"datePublished\":\"2024-06-03T21:18:46+00:00\",\"dateModified\":\"2024-06-03T21:25:34+00:00\",\"breadcrumb\":{\"@id\":\"https:\/\/naszdomopoczno.pl\/?page_id=381#breadcrumb\"},\"inLanguage\":\"pl-PL\",\"potentialAction\":[{\"@type\":\"ReadAction\",\"target\":[\"https:\/\/naszdomopoczno.pl\/?page_id=381\"]}]},{\"@type\":\"BreadcrumbList\",\"@id\":\"https:\/\/naszdomopoczno.pl\/?page_id=381#breadcrumb\",\"itemListElement\":[{\"@type\":\"ListItem\",\"position\":1,\"name\":\"Home\",\"item\":\"https:\/\/naszdomopoczno.pl\/\"},{\"@type\":\"ListItem\",\"position\":2,\"name\":\"STREFA CZ\u0141ONKOWSKA\"}]},{\"@type\":\"WebSite\",\"@id\":\"https:\/\/naszdomopoczno.pl\/#website\",\"url\":\"https:\/\/naszdomopoczno.pl\/\",\"name\":\"SP\u00d3\u0141DZIELNIA MIESZKANIOWA LOKATORSKO - W\u0141ASNO\u015aCIOWA &quot;NASZ DOM&quot; W OPOCZNIE\",\"description\":\"\",\"potentialAction\":[{\"@type\":\"SearchAction\",\"target\":{\"@type\":\"EntryPoint\",\"urlTemplate\":\"https:\/\/naszdomopoczno.pl\/?s={search_term_string}\"},\"query-input\":{\"@type\":\"PropertyValueSpecification\",\"valueRequired\":true,\"valueName\":\"search_term_string\"}}],\"inLanguage\":\"pl-PL\"}]}<\/script>\n<!-- \/ Yoast SEO plugin. -->","yoast_head_json":{"title":"STREFA CZ\u0141ONKOWSKA - SP\u00d3\u0141DZIELNIA MIESZKANIOWA LOKATORSKO - W\u0141ASNO\u015aCIOWA &quot;NASZ DOM&quot; W OPOCZNIE","robots":{"index":"index","follow":"follow","max-snippet":"max-snippet:-1","max-image-preview":"max-image-preview:large","max-video-preview":"max-video-preview:-1"},"canonical":"https:\/\/naszdomopoczno.pl\/?page_id=381","og_locale":"pl_PL","og_type":"article","og_title":"STREFA CZ\u0141ONKOWSKA - SP\u00d3\u0141DZIELNIA MIESZKANIOWA LOKATORSKO - W\u0141ASNO\u015aCIOWA &quot;NASZ DOM&quot; W OPOCZNIE","og_url":"https:\/\/naszdomopoczno.pl\/?page_id=381","og_site_name":"SP\u00d3\u0141DZIELNIA MIESZKANIOWA LOKATORSKO - W\u0141ASNO\u015aCIOWA &quot;NASZ DOM&quot; W OPOCZNIE","article_modified_time":"2024-06-03T21:25:34+00:00","twitter_card":"summary_large_image","twitter_misc":{"Szacowany czas czytania":"1 minuta"},"schema":{"@context":"https:\/\/schema.org","@graph":[{"@type":"WebPage","@id":"https:\/\/naszdomopoczno.pl\/?page_id=381","url":"https:\/\/naszdomopoczno.pl\/?page_id=381","name":"STREFA CZ\u0141ONKOWSKA - SP\u00d3\u0141DZIELNIA MIESZKANIOWA LOKATORSKO - W\u0141ASNO\u015aCIOWA &quot;NASZ DOM&quot; W OPOCZNIE","isPartOf":{"@id":"https:\/\/naszdomopoczno.pl\/#website"},"datePublished":"2024-06-03T21:18:46+00:00","dateModified":"2024-06-03T21:25:34+00:00","breadcrumb":{"@id":"https:\/\/naszdomopoczno.pl\/?page_id=381#breadcrumb"},"inLanguage":"pl-PL","potentialAction":[{"@type":"ReadAction","target":["https:\/\/naszdomopoczno.pl\/?page_id=381"]}]},{"@type":"BreadcrumbList","@id":"https:\/\/naszdomopoczno.pl\/?page_id=381#breadcrumb","itemListElement":[{"@type":"ListItem","position":1,"name":"Home","item":"https:\/\/naszdomopoczno.pl\/"},{"@type":"ListItem","position":2,"name":"STREFA CZ\u0141ONKOWSKA"}]},{"@type":"WebSite","@id":"https:\/\/naszdomopoczno.pl\/#website","url":"https:\/\/naszdomopoczno.pl\/","name":"SP\u00d3\u0141DZIELNIA MIESZKANIOWA LOKATORSKO - W\u0141ASNO\u015aCIOWA &quot;NASZ DOM&quot; W OPOCZNIE","description":"","potentialAction":[{"@type":"SearchAction","target":{"@type":"EntryPoint","urlTemplate":"https:\/\/naszdomopoczno.pl\/?s={search_term_string}"},"query-input":{"@type":"PropertyValueSpecification","valueRequired":true,"valueName":"search_term_string"}}],"inLanguage":"pl-PL"}]}},"_links":{"self":[{"href":"https:\/\/naszdomopoczno.pl\/index.php?rest_route=\/wp\/v2\/pages\/381","targetHints":{"allow":["GET"]}}],"collection":[{"href":"https:\/\/naszdomopoczno.pl\/index.php?rest_route=\/wp\/v2\/pages"}],"about":[{"href":"https:\/\/naszdomopoczno.pl\/index.php?rest_route=\/wp\/v2\/types\/page"}],"author":[{"embeddable":true,"href":"https:\/\/naszdomopoczno.pl\/index.php?rest_route=\/wp\/v2\/users\/1"}],"replies":[{"embeddable":true,"href":"https:\/\/naszdomopoczno.pl\/index.php?rest_route=%2Fwp%2Fv2%2Fcomments&post=381"}],"version-history":[{"count":3,"href":"https:\/\/naszdomopoczno.pl\/index.php?rest_route=\/wp\/v2\/pages\/381\/revisions"}],"predecessor-version":[{"id":386,"href":"https:\/\/naszdomopoczno.pl\/index.php?rest_route=\/wp\/v2\/pages\/381\/revisions\/386"}],"wp:attachment":[{"href":"https:\/\/naszdomopoczno.pl\/index.php?rest_route=%2Fwp%2Fv2%2Fmedia&parent=381"}],"curies":[{"name":"wp","href":"https:\/\/api.w.org\/{rel}","templated":true}]}}