{"id":41,"date":"2024-03-10T21:19:33","date_gmt":"2024-03-10T20:19:33","guid":{"rendered":"http:\/\/naszdomopoczno.pl\/?page_id=41"},"modified":"2025-11-12T12:46:26","modified_gmt":"2025-11-12T11:46:26","slug":"akty-prawne","status":"publish","type":"page","link":"https:\/\/naszdomopoczno.pl\/?page_id=41","title":{"rendered":"AKTY PRAWNE I REGULAMINY"},"content":{"rendered":"<p><em><strong>STATUT SP\u00d3\u0141DZIELNI<\/strong><\/em><\/p>\n<p><strong>1.<\/strong> <a href=\"https:\/\/naszdomopoczno.pl\/wp-content\/uploads\/2024\/04\/statut_spoldzielni.pdf\">Statut Sp\u00f3\u0142dzielni Mieszkaniowej Lokatorsko &#8211; W\u0142asno\u015bciowej &#8222;Nasz Dom&#8221; w Opocznie ul. Partyzant\u00f3w 45 (TEKST JEDNOLITY po wprowadzeniu zmian na WZ Cz. w dniach 13 i 14.06.2018 r.)<\/a> (rodzaj pliku: <strong>pdf<\/strong>, rozmiar: 1,05 MB)<\/p>\n<p>&nbsp;<\/p>\n<p><em><strong>REGULAMINY<\/strong><\/em><\/p>\n<p><strong>1.<\/strong> <a href=\"https:\/\/naszdomopoczno.pl\/wp-content\/uploads\/2024\/05\/regulamin_rozliczania_zuzycia_wody_i_odprowadzania_sciekow_uchwala.pdf\">Regulamin rozliczania zu\u017cycia zimnej wody i odprowadzenia \u015bciek\u00f3w w Sp\u00f3\u0142dzielni Mieszkaniowej Lokatorsko-W\u0142asno\u015bciowej &#8222;Nasz Dom&#8221; w Opocznie wraz z uchwa\u0142\u0105<\/a> (rodzaj pliku: <strong>pdf<\/strong>, rozmiar: 3,24 MB)<\/p>\n<p><strong>2.<\/strong>\u00a0<a href=\"https:\/\/naszdomopoczno.pl\/wp-content\/uploads\/2024\/12\/REGULAMIN.pdf\">Regulamin rozliczania koszt\u00f3w gospodarki cieplnej oraz ustalania op\u0142at za centralne ogrzewanie i podgrzanie wody dla budynk\u00f3w w zasobach Sp\u00f3\u0142dzielni Mieszkaniowej Lokatorsko-W\u0142asno\u015bciowej &#8222;Nasz Dom&#8221; w Opocznie<\/a> (rodzaj pliku: <strong>pdf<\/strong>, rozmiar: 843 KB)<\/p>\n<p><strong>3.<\/strong> <a href=\"http:\/\/www.naszdomopoczno.pl\/_aktyprawne\/Regulamin_gospodarowania_funduszem_remontowym.pdf\">Regulamin gospodarowania funduszem remontowym w zasobach Sp\u00f3\u0142dzielni Mieszkaniowej Lokatorsko-W\u0142asno\u015bciowej &#8222;Nasz Dom&#8221; w Opocznie<\/a> (rodzaj pliku: <strong>pdf<\/strong>, rozmiar: 1,62 MB)<\/p>\n<p><strong>4.<\/strong> <a href=\"http:\/\/www.naszdomopoczno.pl\/_aktyprawne\/Regulamin_Komisji_Rewizyjnej_RN.pdf\">Regulamin Komisji Rewizyjnej Rady Nadzorczej Sp\u00f3\u0142dzielni Mieszkaniowej Lokatorsko-W\u0142asno\u015bciowej &#8222;Nasz Dom&#8221; w Opocznie<\/a> (rodzaj pliku: <strong>pdf<\/strong>, rozmiar: 831 KB)<\/p>\n<p><strong>5.<\/strong> <a href=\"http:\/\/www.naszdomopoczno.pl\/_aktyprawne\/Regulamin_porzadku_domowego.pdf\">Regulamin porz\u0105dku domowego obowi\u0105zuj\u0105cego w zasobach Sp\u00f3\u0142dzielni Mieszkaniowej Lokatorko-W\u0142asno\u015bciowej &#8222;Nasz Dom&#8221; w Opocznie<\/a> (rodzaj pliku: <strong>pdf<\/strong>, rozmiar: 68 KB)<\/p>\n<p><strong>6.<\/strong> <a href=\"http:\/\/www.naszdomopoczno.pl\/_aktyprawne\/Regulamin_RN.pdf\">Regulamin Rady Nadzorczej Sp\u00f3\u0142dzielni Mieszkaniowej Lokatorsko-W\u0142asno\u015bciowej &#8222;Nasz Dom&#8221; w Opocznie<\/a> (rodzaj pliku: <strong>pdf<\/strong>, rozmiar: 478 KB)<\/p>\n<p><strong>7.<\/strong> <a href=\"http:\/\/www.naszdomopoczno.pl\/_aktyprawne\/Regulamin_sprzedazy_nieruchomosci.pdf\">Regulamin Sprzeda\u017cy Nieruchomo\u015bci Sp\u00f3\u0142dzielni Mieszkaniowej Lokatorsko-W\u0142asno\u015bciowej &#8222;Nasz Dom&#8221; w Opocznie<\/a> (rodzaj pliku: <strong>pdf<\/strong>, rozmiar: 288 KB)<\/p>\n<p><strong>8.<\/strong> <a href=\"http:\/\/www.naszdomopoczno.pl\/_aktyprawne\/Regulamin_termomodernizacji.pdf\">Regulamin przeprowadzania termomodernizacji budynk\u00f3w w zasobach Sp\u00f3\u0142dzielni Mieszkaniowej Lokatorsko-W\u0142asno\u015bciowej &#8222;Nasz Dom&#8221; w Opocznie<\/a> (rodzaj pliku: <strong>pdf<\/strong>, rozmiar: 1,59 MB)<\/p>\n<p><strong>9.<\/strong> <a href=\"https:\/\/naszdomopoczno.pl\/wp-content\/uploads\/2024\/10\/Uchwala_Regulamin.pdf\">Regulamin okre\u015blaj\u0105cy zasady wyboru wykonawc\u00f3w us\u0142ug, rob\u00f3t remontowo-budowlanych oraz dostaw wykonywanych na rzecz Sp\u00f3\u0142dzielni Mieszkaniowej Lokatorsko-W\u0142asno\u015bciowej &#8222;Nasz Dom&#8221; w Opocznie- NOWY<\/a> (rodzaj pliku: <strong>pdf<\/strong>, rozmiar: 2,21 MB)<\/p>\n<p><strong>10.<\/strong> <a href=\"http:\/\/www.naszdomopoczno.pl\/_aktyprawne\/Regulamin_Zarzadu.pdf\">Regulamin Zarz\u0105du Sp\u00f3\u0142dzielni Mieszkaniowej Lokatorsko-W\u0142asno\u015bciowej &#8222;Nasz Dom&#8221; w Opocznie<\/a> (rodzaj pliku: <strong>pdf<\/strong>, rozmiar: 1,88 MB)<\/p>\n<p><strong>11.<\/strong> <a href=\"http:\/\/www.naszdomopoczno.pl\/_aktyprawne\/Uchwala_RN2017_1_2_2017_Procedura_windykacyjna.pdf\">Procedura windykacyjna Sp\u00f3\u0142dzielni Mieszkaniowej Lokatorsko-W\u0142asno\u015bciowej &#8222;Nasz Dom&#8221; w Opocznie<\/a> (rodzaj pliku: <strong>pdf<\/strong>, rozmiar: 360 KB)<\/p>\n<p>&nbsp;<\/p>\n<p><em><strong>USTAWY<\/strong><\/em><\/p>\n<p><strong>1.<\/strong> <a href=\"https:\/\/naszdomopoczno.pl\/wp-content\/uploads\/2024\/04\/prawo_spoldzielcze.pdf\">Ustawa Prawo sp\u00f3\u0142dzielcze z dnia 16 wrze\u015bnia 1982 r. (Dz. U. 1982 Nr 30 poz. 210)<\/a> (rodzaj pliku: <strong>pdf<\/strong>, rozmiar: 840 KB)<\/p>\n<p><strong>2.<\/strong> <a href=\"https:\/\/naszdomopoczno.pl\/wp-content\/uploads\/2024\/04\/o_spoldzielniach_mieszkaniowych.pdf\">Ustawa o sp\u00f3\u0142dzielniach mieszkaniowych z dnia 15 grudnia 2000 r. (Dz. U. 2001 Nr 4 poz. 27)<\/a> (rodzaj pliku: <strong>pdf<\/strong>, rozmiar: 584 KB)<\/p>\n<p>&nbsp;<\/p>\n<p><strong>UWAGA!<\/strong> W przypadku problem\u00f3w z otworzeniem wy\u017cej przedstawionych plik\u00f3w prosz\u0119 zweryfikowa\u0107 czy w komputerze zainstalowana jest <strong>przegl\u0105darka plik\u00f3w PDF<\/strong>.<\/p>\n<p>Link do bezp\u0142atnej przegl\u0105darki plik\u00f3w PDF &#8211; <strong>Adobe Acrobat Reader<\/strong> <a href=\"https:\/\/get.adobe.com\/pl\/reader\/\">https:\/\/get.adobe.com\/pl\/reader\/<\/a><\/p>\n","protected":false},"excerpt":{"rendered":"<p>STATUT SP\u00d3\u0141DZIELNI 1. Statut Sp\u00f3\u0142dzielni Mieszkaniowej Lokatorsko &#8211; W\u0142asno\u015bciowej &#8222;Nasz Dom&#8221; w Opocznie ul. Partyzant\u00f3w 45 (TEKST JEDNOLITY po wprowadzeniu zmian na WZ Cz. w dniach 13 i 14.06.2018 r.) (rodzaj pliku: pdf, rozmiar: 1,05 MB) &nbsp; REGULAMINY 1. Regulamin rozliczania zu\u017cycia zimnej wody i odprowadzenia \u015bciek\u00f3w w Sp\u00f3\u0142dzielni Mieszkaniowej Lokatorsko-W\u0142asno\u015bciowej &#8222;Nasz Dom&#8221; w Opocznie [&hellip;]<\/p>\n","protected":false},"author":1,"featured_media":0,"parent":0,"menu_order":0,"comment_status":"closed","ping_status":"closed","template":"","meta":{"footnotes":""},"class_list":["post-41","page","type-page","status-publish","hentry"],"yoast_head":"<!-- This site is optimized with the Yoast SEO plugin v25.9 - https:\/\/yoast.com\/wordpress\/plugins\/seo\/ -->\n<title>AKTY PRAWNE I REGULAMINY - SP\u00d3\u0141DZIELNIA MIESZKANIOWA LOKATORSKO - W\u0141ASNO\u015aCIOWA &quot;NASZ DOM&quot; W OPOCZNIE<\/title>\n<meta name=\"robots\" content=\"index, follow, max-snippet:-1, max-image-preview:large, max-video-preview:-1\" \/>\n<link rel=\"canonical\" href=\"https:\/\/naszdomopoczno.pl\/?page_id=41\" \/>\n<meta property=\"og:locale\" content=\"pl_PL\" \/>\n<meta property=\"og:type\" content=\"article\" \/>\n<meta property=\"og:title\" content=\"AKTY PRAWNE I REGULAMINY - SP\u00d3\u0141DZIELNIA MIESZKANIOWA LOKATORSKO - W\u0141ASNO\u015aCIOWA &quot;NASZ DOM&quot; W OPOCZNIE\" \/>\n<meta property=\"og:description\" content=\"STATUT SP\u00d3\u0141DZIELNI 1. Statut Sp\u00f3\u0142dzielni Mieszkaniowej Lokatorsko &#8211; W\u0142asno\u015bciowej &#8222;Nasz Dom&#8221; w Opocznie ul. Partyzant\u00f3w 45 (TEKST JEDNOLITY po wprowadzeniu zmian na WZ Cz. w dniach 13 i 14.06.2018 r.) (rodzaj pliku: pdf, rozmiar: 1,05 MB) &nbsp; REGULAMINY 1. Regulamin rozliczania zu\u017cycia zimnej wody i odprowadzenia \u015bciek\u00f3w w Sp\u00f3\u0142dzielni Mieszkaniowej Lokatorsko-W\u0142asno\u015bciowej &#8222;Nasz Dom&#8221; w Opocznie [&hellip;]\" \/>\n<meta property=\"og:url\" content=\"https:\/\/naszdomopoczno.pl\/?page_id=41\" \/>\n<meta property=\"og:site_name\" content=\"SP\u00d3\u0141DZIELNIA MIESZKANIOWA LOKATORSKO - W\u0141ASNO\u015aCIOWA &quot;NASZ DOM&quot; W OPOCZNIE\" \/>\n<meta property=\"article:modified_time\" content=\"2025-11-12T11:46:26+00:00\" \/>\n<meta name=\"twitter:card\" content=\"summary_large_image\" \/>\n<meta name=\"twitter:label1\" content=\"Szacowany czas czytania\" \/>\n\t<meta name=\"twitter:data1\" content=\"3 minuty\" \/>\n<script type=\"application\/ld+json\" class=\"yoast-schema-graph\">{\"@context\":\"https:\/\/schema.org\",\"@graph\":[{\"@type\":\"WebPage\",\"@id\":\"https:\/\/naszdomopoczno.pl\/?page_id=41\",\"url\":\"https:\/\/naszdomopoczno.pl\/?page_id=41\",\"name\":\"AKTY PRAWNE I REGULAMINY - SP\u00d3\u0141DZIELNIA MIESZKANIOWA LOKATORSKO - W\u0141ASNO\u015aCIOWA &quot;NASZ DOM&quot; W OPOCZNIE\",\"isPartOf\":{\"@id\":\"https:\/\/naszdomopoczno.pl\/#website\"},\"datePublished\":\"2024-03-10T20:19:33+00:00\",\"dateModified\":\"2025-11-12T11:46:26+00:00\",\"breadcrumb\":{\"@id\":\"https:\/\/naszdomopoczno.pl\/?page_id=41#breadcrumb\"},\"inLanguage\":\"pl-PL\",\"potentialAction\":[{\"@type\":\"ReadAction\",\"target\":[\"https:\/\/naszdomopoczno.pl\/?page_id=41\"]}]},{\"@type\":\"BreadcrumbList\",\"@id\":\"https:\/\/naszdomopoczno.pl\/?page_id=41#breadcrumb\",\"itemListElement\":[{\"@type\":\"ListItem\",\"position\":1,\"name\":\"Home\",\"item\":\"https:\/\/naszdomopoczno.pl\/\"},{\"@type\":\"ListItem\",\"position\":2,\"name\":\"AKTY PRAWNE I REGULAMINY\"}]},{\"@type\":\"WebSite\",\"@id\":\"https:\/\/naszdomopoczno.pl\/#website\",\"url\":\"https:\/\/naszdomopoczno.pl\/\",\"name\":\"SP\u00d3\u0141DZIELNIA MIESZKANIOWA LOKATORSKO - W\u0141ASNO\u015aCIOWA &quot;NASZ DOM&quot; W OPOCZNIE\",\"description\":\"\",\"potentialAction\":[{\"@type\":\"SearchAction\",\"target\":{\"@type\":\"EntryPoint\",\"urlTemplate\":\"https:\/\/naszdomopoczno.pl\/?s={search_term_string}\"},\"query-input\":{\"@type\":\"PropertyValueSpecification\",\"valueRequired\":true,\"valueName\":\"search_term_string\"}}],\"inLanguage\":\"pl-PL\"}]}<\/script>\n<!-- \/ Yoast SEO plugin. -->","yoast_head_json":{"title":"AKTY PRAWNE I REGULAMINY - SP\u00d3\u0141DZIELNIA MIESZKANIOWA LOKATORSKO - W\u0141ASNO\u015aCIOWA &quot;NASZ DOM&quot; W OPOCZNIE","robots":{"index":"index","follow":"follow","max-snippet":"max-snippet:-1","max-image-preview":"max-image-preview:large","max-video-preview":"max-video-preview:-1"},"canonical":"https:\/\/naszdomopoczno.pl\/?page_id=41","og_locale":"pl_PL","og_type":"article","og_title":"AKTY PRAWNE I REGULAMINY - SP\u00d3\u0141DZIELNIA MIESZKANIOWA LOKATORSKO - W\u0141ASNO\u015aCIOWA &quot;NASZ DOM&quot; W OPOCZNIE","og_description":"STATUT SP\u00d3\u0141DZIELNI 1. Statut Sp\u00f3\u0142dzielni Mieszkaniowej Lokatorsko &#8211; W\u0142asno\u015bciowej &#8222;Nasz Dom&#8221; w Opocznie ul. Partyzant\u00f3w 45 (TEKST JEDNOLITY po wprowadzeniu zmian na WZ Cz. w dniach 13 i 14.06.2018 r.) (rodzaj pliku: pdf, rozmiar: 1,05 MB) &nbsp; REGULAMINY 1. Regulamin rozliczania zu\u017cycia zimnej wody i odprowadzenia \u015bciek\u00f3w w Sp\u00f3\u0142dzielni Mieszkaniowej Lokatorsko-W\u0142asno\u015bciowej &#8222;Nasz Dom&#8221; w Opocznie [&hellip;]","og_url":"https:\/\/naszdomopoczno.pl\/?page_id=41","og_site_name":"SP\u00d3\u0141DZIELNIA MIESZKANIOWA LOKATORSKO - W\u0141ASNO\u015aCIOWA &quot;NASZ DOM&quot; W OPOCZNIE","article_modified_time":"2025-11-12T11:46:26+00:00","twitter_card":"summary_large_image","twitter_misc":{"Szacowany czas czytania":"3 minuty"},"schema":{"@context":"https:\/\/schema.org","@graph":[{"@type":"WebPage","@id":"https:\/\/naszdomopoczno.pl\/?page_id=41","url":"https:\/\/naszdomopoczno.pl\/?page_id=41","name":"AKTY PRAWNE I REGULAMINY - SP\u00d3\u0141DZIELNIA MIESZKANIOWA LOKATORSKO - W\u0141ASNO\u015aCIOWA &quot;NASZ DOM&quot; W OPOCZNIE","isPartOf":{"@id":"https:\/\/naszdomopoczno.pl\/#website"},"datePublished":"2024-03-10T20:19:33+00:00","dateModified":"2025-11-12T11:46:26+00:00","breadcrumb":{"@id":"https:\/\/naszdomopoczno.pl\/?page_id=41#breadcrumb"},"inLanguage":"pl-PL","potentialAction":[{"@type":"ReadAction","target":["https:\/\/naszdomopoczno.pl\/?page_id=41"]}]},{"@type":"BreadcrumbList","@id":"https:\/\/naszdomopoczno.pl\/?page_id=41#breadcrumb","itemListElement":[{"@type":"ListItem","position":1,"name":"Home","item":"https:\/\/naszdomopoczno.pl\/"},{"@type":"ListItem","position":2,"name":"AKTY PRAWNE I REGULAMINY"}]},{"@type":"WebSite","@id":"https:\/\/naszdomopoczno.pl\/#website","url":"https:\/\/naszdomopoczno.pl\/","name":"SP\u00d3\u0141DZIELNIA MIESZKANIOWA LOKATORSKO - W\u0141ASNO\u015aCIOWA &quot;NASZ DOM&quot; W OPOCZNIE","description":"","potentialAction":[{"@type":"SearchAction","target":{"@type":"EntryPoint","urlTemplate":"https:\/\/naszdomopoczno.pl\/?s={search_term_string}"},"query-input":{"@type":"PropertyValueSpecification","valueRequired":true,"valueName":"search_term_string"}}],"inLanguage":"pl-PL"}]}},"_links":{"self":[{"href":"https:\/\/naszdomopoczno.pl\/index.php?rest_route=\/wp\/v2\/pages\/41","targetHints":{"allow":["GET"]}}],"collection":[{"href":"https:\/\/naszdomopoczno.pl\/index.php?rest_route=\/wp\/v2\/pages"}],"about":[{"href":"https:\/\/naszdomopoczno.pl\/index.php?rest_route=\/wp\/v2\/types\/page"}],"author":[{"embeddable":true,"href":"https:\/\/naszdomopoczno.pl\/index.php?rest_route=\/wp\/v2\/users\/1"}],"replies":[{"embeddable":true,"href":"https:\/\/naszdomopoczno.pl\/index.php?rest_route=%2Fwp%2Fv2%2Fcomments&post=41"}],"version-history":[{"count":22,"href":"https:\/\/naszdomopoczno.pl\/index.php?rest_route=\/wp\/v2\/pages\/41\/revisions"}],"predecessor-version":[{"id":790,"href":"https:\/\/naszdomopoczno.pl\/index.php?rest_route=\/wp\/v2\/pages\/41\/revisions\/790"}],"wp:attachment":[{"href":"https:\/\/naszdomopoczno.pl\/index.php?rest_route=%2Fwp%2Fv2%2Fmedia&parent=41"}],"curies":[{"name":"wp","href":"https:\/\/api.w.org\/{rel}","templated":true}]}}