{"id":48,"date":"2024-03-10T21:22:32","date_gmt":"2024-03-10T20:22:32","guid":{"rendered":"http:\/\/naszdomopoczno.pl\/?page_id=48"},"modified":"2026-03-04T09:14:35","modified_gmt":"2026-03-04T08:14:35","slug":"do-pobrania","status":"publish","type":"page","link":"https:\/\/naszdomopoczno.pl\/?page_id=48","title":{"rendered":"DO POBRANIA"},"content":{"rendered":"<p><strong>1.<\/strong><a href=\"https:\/\/naszdomopoczno.pl\/wp-content\/uploads\/2026\/02\/Deklaracja-przystapienie-w-poczet-czlonkow.pdf\">DEKLARACJA przyst\u0105pienia w poczet cz\u0142onk\u00f3w<\/a> (rodzaj pliku: <strong>pdf<\/strong>, rozmiar: 553 KB)<\/p>\n<p><strong>2.<\/strong> <a href=\"https:\/\/naszdomopoczno.pl\/wp-content\/uploads\/2024\/04\/druk_podania_o_przedluzenie_umowy_najmu_lokalu.pdf\">WNIOSEK o przed\u0142u\u017cenie umowy najmu lokalu<\/a> (rodzaj pliku: <strong>pdf<\/strong>, rozmiar: 600 KB)<\/p>\n<p><strong>3.<\/strong> <a href=\"https:\/\/naszdomopoczno.pl\/wp-content\/uploads\/2024\/04\/druk_wniosku_dot_naniesienia_zmian_osobowych.pdf\">WNIOSEK dotycz\u0105cy naniesienia zmian osobowych<\/a> (rodzaj pliku: <strong>pdf<\/strong>, rozmiar: 360 KB)<\/p>\n<p><strong>4. <\/strong><a href=\"https:\/\/naszdomopoczno.pl\/wp-content\/uploads\/2025\/07\/Wniosek-o-przeksztalcenie.pdf\">WNIOSEK o przekszta\u0142cenie lokalu<\/a> (rodzaj pliku: <strong>pdf<\/strong>, rozmiar: 709 KB)<\/p>\n<p><strong>5.<\/strong> <a href=\"https:\/\/naszdomopoczno.pl\/wp-content\/uploads\/2024\/04\/druk_wniosku_o_przywrocenie_tytulu_prawnego_do_lokalu.pdf\">WNIOSEK o przywr\u00f3cenie tytu\u0142u prawnego do lokalu<\/a> (rodzaj pliku: <strong>pdf<\/strong>, rozmiar: 604 KB)<\/p>\n<p><strong>6.<\/strong> <a href=\"https:\/\/naszdomopoczno.pl\/wp-content\/uploads\/2024\/04\/druk_wniosku_lokatorskie-prawo-do-lokalu.pdf\">WNIOSEK o ustanowienie lokatorskiego prawa do lokalu<\/a> (rodzaj pliku: <strong>pdf<\/strong>, rozmiar: 360 KB)<\/p>\n<p><strong>7.<\/strong> <a href=\"https:\/\/naszdomopoczno.pl\/wp-content\/uploads\/2024\/04\/druk_wniosku_o_wydanie_zaswiadczenia_2.pdf\">WNIOSEK o wydanie za\u015bwiadczenia dotycz\u0105cego lokalu mieszkalnego<\/a> (rodzaj pliku: <strong>pdf<\/strong>, rozmiar: 380 KB)<\/p>\n<p><strong>8.<\/strong> <a href=\"https:\/\/naszdomopoczno.pl\/wp-content\/uploads\/2024\/04\/druk_pisma_dot_adresu_do_wysylki.pdf\">WNIOSEK o zmian\u0119 adresu do korespondencji<\/a> (rodzaj pliku: <strong>pdf<\/strong>, rozmiar: 256 KB)<\/p>\n<p><strong>9.<\/strong> <a href=\"https:\/\/naszdomopoczno.pl\/wp-content\/uploads\/2026\/03\/Zgoda.pdf\">ZGODA wsp\u00f3\u0142w\u0142a\u015bciciela<\/a> (rodzaj pliku: <strong>pdf<\/strong>, rozmiar: 425 KB)<\/p>\n<p><strong>10. <\/strong><a href=\"https:\/\/naszdomopoczno.pl\/wp-content\/uploads\/2026\/02\/Pelnomocnictwo-1.pdf\">PE\u0141NOMOCNICTWO\/UPOWA\u017bNIENIE<\/a> (rodzaj pliku: <strong>pdf<\/strong>, rozmiar: 425 KB)<\/p>\n<p><strong>11.<\/strong> <a href=\"https:\/\/naszdomopoczno.pl\/wp-content\/uploads\/2024\/05\/oswiadczenie_o_liczbie_osob_zamieszkalych_w_lokalu.pdf\">O\u015aWIADCZENIE o liczbie os\u00f3b zamieszka\u0142ych w lokalu<\/a> (rodzaj pliku: <strong>pdf<\/strong>, rozmiar: 688 KB)<\/p>\n<p><strong>12. <\/strong><a href=\"https:\/\/naszdomopoczno.pl\/wp-content\/uploads\/2025\/01\/Oswiadczenie-RODO.pdf\">O\u015aWIADCZENIE RODO<\/a> (rodzaj pliku:<strong> pdf<\/strong>, rozmiar: 334KB)<\/p>\n<p><strong>13. <\/strong><a href=\"https:\/\/naszdomopoczno.pl\/wp-content\/uploads\/2025\/01\/Wniosek-o-wydanie-Statutu.pdf\">WNIOSEK o wydanie Statutu<\/a> (rodzaj pliku: <strong>pdf<\/strong>, rozmiar: 609 KB)<\/p>\n<p><strong>14. <\/strong><a href=\"https:\/\/naszdomopoczno.pl\/wp-content\/uploads\/2025\/09\/Oswiadczenie-o-zmianie-nazwiska.pdf\">O\u015aWIADCZENIE o zmianie nazwiska<\/a> (rodzaj pliku: <strong>pdf<\/strong>, rozmiar: 418 KB)<\/p>\n<p>&nbsp;<\/p>\n<p><strong>UWAGA!<\/strong> W przypadku problem\u00f3w z otworzeniem wy\u017cej przedstawionych plik\u00f3w prosz\u0119 zweryfikowa\u0107 czy w komputerze zainstalowana jest <strong>przegl\u0105darka plik\u00f3w PDF<\/strong>.<\/p>\n<p>Link do bezp\u0142atnej przegl\u0105darki plik\u00f3w PDF &#8211; <strong>Adobe Acrobat Reader<\/strong> <a href=\"https:\/\/get.adobe.com\/pl\/reader\/\">https:\/\/get.adobe.com\/pl\/reader\/<\/a><\/p>\n","protected":false},"excerpt":{"rendered":"<p>1.DEKLARACJA przyst\u0105pienia w poczet cz\u0142onk\u00f3w (rodzaj pliku: pdf, rozmiar: 553 KB) 2. WNIOSEK o przed\u0142u\u017cenie umowy najmu lokalu (rodzaj pliku: pdf, rozmiar: 600 KB) 3. WNIOSEK dotycz\u0105cy naniesienia zmian osobowych (rodzaj pliku: pdf, rozmiar: 360 KB) 4. WNIOSEK o przekszta\u0142cenie lokalu (rodzaj pliku: pdf, rozmiar: 709 KB) 5. WNIOSEK o przywr\u00f3cenie tytu\u0142u prawnego do lokalu [&hellip;]<\/p>\n","protected":false},"author":1,"featured_media":0,"parent":0,"menu_order":0,"comment_status":"closed","ping_status":"closed","template":"","meta":{"footnotes":""},"class_list":["post-48","page","type-page","status-publish","hentry"],"yoast_head":"<!-- This site is optimized with the Yoast SEO plugin v25.9 - https:\/\/yoast.com\/wordpress\/plugins\/seo\/ -->\n<title>DO POBRANIA - SP\u00d3\u0141DZIELNIA MIESZKANIOWA LOKATORSKO - W\u0141ASNO\u015aCIOWA &quot;NASZ DOM&quot; W OPOCZNIE<\/title>\n<meta name=\"robots\" content=\"index, follow, max-snippet:-1, max-image-preview:large, max-video-preview:-1\" \/>\n<link rel=\"canonical\" href=\"https:\/\/naszdomopoczno.pl\/?page_id=48\" \/>\n<meta property=\"og:locale\" content=\"pl_PL\" \/>\n<meta property=\"og:type\" content=\"article\" \/>\n<meta property=\"og:title\" content=\"DO POBRANIA - SP\u00d3\u0141DZIELNIA MIESZKANIOWA LOKATORSKO - W\u0141ASNO\u015aCIOWA &quot;NASZ DOM&quot; W OPOCZNIE\" \/>\n<meta property=\"og:description\" content=\"1.DEKLARACJA przyst\u0105pienia w poczet cz\u0142onk\u00f3w (rodzaj pliku: pdf, rozmiar: 553 KB) 2. WNIOSEK o przed\u0142u\u017cenie umowy najmu lokalu (rodzaj pliku: pdf, rozmiar: 600 KB) 3. WNIOSEK dotycz\u0105cy naniesienia zmian osobowych (rodzaj pliku: pdf, rozmiar: 360 KB) 4. WNIOSEK o przekszta\u0142cenie lokalu (rodzaj pliku: pdf, rozmiar: 709 KB) 5. WNIOSEK o przywr\u00f3cenie tytu\u0142u prawnego do lokalu [&hellip;]\" \/>\n<meta property=\"og:url\" content=\"https:\/\/naszdomopoczno.pl\/?page_id=48\" \/>\n<meta property=\"og:site_name\" content=\"SP\u00d3\u0141DZIELNIA MIESZKANIOWA LOKATORSKO - W\u0141ASNO\u015aCIOWA &quot;NASZ DOM&quot; W OPOCZNIE\" \/>\n<meta property=\"article:modified_time\" content=\"2026-03-04T08:14:35+00:00\" \/>\n<meta name=\"twitter:card\" content=\"summary_large_image\" \/>\n<meta name=\"twitter:label1\" content=\"Szacowany czas czytania\" \/>\n\t<meta name=\"twitter:data1\" content=\"2 minuty\" \/>\n<script type=\"application\/ld+json\" class=\"yoast-schema-graph\">{\"@context\":\"https:\/\/schema.org\",\"@graph\":[{\"@type\":\"WebPage\",\"@id\":\"https:\/\/naszdomopoczno.pl\/?page_id=48\",\"url\":\"https:\/\/naszdomopoczno.pl\/?page_id=48\",\"name\":\"DO POBRANIA - SP\u00d3\u0141DZIELNIA MIESZKANIOWA LOKATORSKO - W\u0141ASNO\u015aCIOWA &quot;NASZ DOM&quot; W OPOCZNIE\",\"isPartOf\":{\"@id\":\"https:\/\/naszdomopoczno.pl\/#website\"},\"datePublished\":\"2024-03-10T20:22:32+00:00\",\"dateModified\":\"2026-03-04T08:14:35+00:00\",\"breadcrumb\":{\"@id\":\"https:\/\/naszdomopoczno.pl\/?page_id=48#breadcrumb\"},\"inLanguage\":\"pl-PL\",\"potentialAction\":[{\"@type\":\"ReadAction\",\"target\":[\"https:\/\/naszdomopoczno.pl\/?page_id=48\"]}]},{\"@type\":\"BreadcrumbList\",\"@id\":\"https:\/\/naszdomopoczno.pl\/?page_id=48#breadcrumb\",\"itemListElement\":[{\"@type\":\"ListItem\",\"position\":1,\"name\":\"Home\",\"item\":\"https:\/\/naszdomopoczno.pl\/\"},{\"@type\":\"ListItem\",\"position\":2,\"name\":\"DO POBRANIA\"}]},{\"@type\":\"WebSite\",\"@id\":\"https:\/\/naszdomopoczno.pl\/#website\",\"url\":\"https:\/\/naszdomopoczno.pl\/\",\"name\":\"SP\u00d3\u0141DZIELNIA MIESZKANIOWA LOKATORSKO - W\u0141ASNO\u015aCIOWA &quot;NASZ DOM&quot; W OPOCZNIE\",\"description\":\"\",\"potentialAction\":[{\"@type\":\"SearchAction\",\"target\":{\"@type\":\"EntryPoint\",\"urlTemplate\":\"https:\/\/naszdomopoczno.pl\/?s={search_term_string}\"},\"query-input\":{\"@type\":\"PropertyValueSpecification\",\"valueRequired\":true,\"valueName\":\"search_term_string\"}}],\"inLanguage\":\"pl-PL\"}]}<\/script>\n<!-- \/ Yoast SEO plugin. -->","yoast_head_json":{"title":"DO POBRANIA - SP\u00d3\u0141DZIELNIA MIESZKANIOWA LOKATORSKO - W\u0141ASNO\u015aCIOWA &quot;NASZ DOM&quot; W OPOCZNIE","robots":{"index":"index","follow":"follow","max-snippet":"max-snippet:-1","max-image-preview":"max-image-preview:large","max-video-preview":"max-video-preview:-1"},"canonical":"https:\/\/naszdomopoczno.pl\/?page_id=48","og_locale":"pl_PL","og_type":"article","og_title":"DO POBRANIA - SP\u00d3\u0141DZIELNIA MIESZKANIOWA LOKATORSKO - W\u0141ASNO\u015aCIOWA &quot;NASZ DOM&quot; W OPOCZNIE","og_description":"1.DEKLARACJA przyst\u0105pienia w poczet cz\u0142onk\u00f3w (rodzaj pliku: pdf, rozmiar: 553 KB) 2. WNIOSEK o przed\u0142u\u017cenie umowy najmu lokalu (rodzaj pliku: pdf, rozmiar: 600 KB) 3. WNIOSEK dotycz\u0105cy naniesienia zmian osobowych (rodzaj pliku: pdf, rozmiar: 360 KB) 4. WNIOSEK o przekszta\u0142cenie lokalu (rodzaj pliku: pdf, rozmiar: 709 KB) 5. WNIOSEK o przywr\u00f3cenie tytu\u0142u prawnego do lokalu [&hellip;]","og_url":"https:\/\/naszdomopoczno.pl\/?page_id=48","og_site_name":"SP\u00d3\u0141DZIELNIA MIESZKANIOWA LOKATORSKO - W\u0141ASNO\u015aCIOWA &quot;NASZ DOM&quot; W OPOCZNIE","article_modified_time":"2026-03-04T08:14:35+00:00","twitter_card":"summary_large_image","twitter_misc":{"Szacowany czas czytania":"2 minuty"},"schema":{"@context":"https:\/\/schema.org","@graph":[{"@type":"WebPage","@id":"https:\/\/naszdomopoczno.pl\/?page_id=48","url":"https:\/\/naszdomopoczno.pl\/?page_id=48","name":"DO POBRANIA - SP\u00d3\u0141DZIELNIA MIESZKANIOWA LOKATORSKO - W\u0141ASNO\u015aCIOWA &quot;NASZ DOM&quot; W OPOCZNIE","isPartOf":{"@id":"https:\/\/naszdomopoczno.pl\/#website"},"datePublished":"2024-03-10T20:22:32+00:00","dateModified":"2026-03-04T08:14:35+00:00","breadcrumb":{"@id":"https:\/\/naszdomopoczno.pl\/?page_id=48#breadcrumb"},"inLanguage":"pl-PL","potentialAction":[{"@type":"ReadAction","target":["https:\/\/naszdomopoczno.pl\/?page_id=48"]}]},{"@type":"BreadcrumbList","@id":"https:\/\/naszdomopoczno.pl\/?page_id=48#breadcrumb","itemListElement":[{"@type":"ListItem","position":1,"name":"Home","item":"https:\/\/naszdomopoczno.pl\/"},{"@type":"ListItem","position":2,"name":"DO POBRANIA"}]},{"@type":"WebSite","@id":"https:\/\/naszdomopoczno.pl\/#website","url":"https:\/\/naszdomopoczno.pl\/","name":"SP\u00d3\u0141DZIELNIA MIESZKANIOWA LOKATORSKO - W\u0141ASNO\u015aCIOWA &quot;NASZ DOM&quot; W OPOCZNIE","description":"","potentialAction":[{"@type":"SearchAction","target":{"@type":"EntryPoint","urlTemplate":"https:\/\/naszdomopoczno.pl\/?s={search_term_string}"},"query-input":{"@type":"PropertyValueSpecification","valueRequired":true,"valueName":"search_term_string"}}],"inLanguage":"pl-PL"}]}},"_links":{"self":[{"href":"https:\/\/naszdomopoczno.pl\/index.php?rest_route=\/wp\/v2\/pages\/48","targetHints":{"allow":["GET"]}}],"collection":[{"href":"https:\/\/naszdomopoczno.pl\/index.php?rest_route=\/wp\/v2\/pages"}],"about":[{"href":"https:\/\/naszdomopoczno.pl\/index.php?rest_route=\/wp\/v2\/types\/page"}],"author":[{"embeddable":true,"href":"https:\/\/naszdomopoczno.pl\/index.php?rest_route=\/wp\/v2\/users\/1"}],"replies":[{"embeddable":true,"href":"https:\/\/naszdomopoczno.pl\/index.php?rest_route=%2Fwp%2Fv2%2Fcomments&post=48"}],"version-history":[{"count":41,"href":"https:\/\/naszdomopoczno.pl\/index.php?rest_route=\/wp\/v2\/pages\/48\/revisions"}],"predecessor-version":[{"id":825,"href":"https:\/\/naszdomopoczno.pl\/index.php?rest_route=\/wp\/v2\/pages\/48\/revisions\/825"}],"wp:attachment":[{"href":"https:\/\/naszdomopoczno.pl\/index.php?rest_route=%2Fwp%2Fv2%2Fmedia&parent=48"}],"curies":[{"name":"wp","href":"https:\/\/api.w.org\/{rel}","templated":true}]}}