{"id":73,"date":"2024-03-10T22:05:35","date_gmt":"2024-03-10T21:05:35","guid":{"rendered":"http:\/\/naszdomopoczno.pl\/?page_id=73"},"modified":"2024-03-10T22:05:35","modified_gmt":"2024-03-10T21:05:35","slug":"deklaracja-dostepnosci","status":"publish","type":"page","link":"https:\/\/naszdomopoczno.pl\/?page_id=73","title":{"rendered":"DEKLARACJA DOST\u0118PNO\u015aCI"},"content":{"rendered":"","protected":false},"excerpt":{"rendered":"","protected":false},"author":1,"featured_media":0,"parent":0,"menu_order":0,"comment_status":"closed","ping_status":"closed","template":"","meta":{"footnotes":""},"class_list":["post-73","page","type-page","status-publish","hentry"],"yoast_head":"<!-- This site is optimized with the Yoast SEO plugin v25.9 - https:\/\/yoast.com\/wordpress\/plugins\/seo\/ -->\n<title>DEKLARACJA DOST\u0118PNO\u015aCI - SP\u00d3\u0141DZIELNIA MIESZKANIOWA LOKATORSKO - W\u0141ASNO\u015aCIOWA &quot;NASZ DOM&quot; W OPOCZNIE<\/title>\n<meta name=\"robots\" content=\"index, follow, max-snippet:-1, max-image-preview:large, max-video-preview:-1\" \/>\n<link rel=\"canonical\" href=\"https:\/\/naszdomopoczno.pl\/?page_id=73\" \/>\n<meta property=\"og:locale\" content=\"pl_PL\" \/>\n<meta property=\"og:type\" content=\"article\" \/>\n<meta property=\"og:title\" content=\"DEKLARACJA DOST\u0118PNO\u015aCI - SP\u00d3\u0141DZIELNIA MIESZKANIOWA LOKATORSKO - W\u0141ASNO\u015aCIOWA &quot;NASZ DOM&quot; W OPOCZNIE\" \/>\n<meta property=\"og:url\" content=\"https:\/\/naszdomopoczno.pl\/?page_id=73\" \/>\n<meta property=\"og:site_name\" content=\"SP\u00d3\u0141DZIELNIA MIESZKANIOWA LOKATORSKO - W\u0141ASNO\u015aCIOWA &quot;NASZ DOM&quot; W OPOCZNIE\" \/>\n<meta name=\"twitter:card\" content=\"summary_large_image\" \/>\n<script type=\"application\/ld+json\" class=\"yoast-schema-graph\">{\"@context\":\"https:\/\/schema.org\",\"@graph\":[{\"@type\":\"WebPage\",\"@id\":\"https:\/\/naszdomopoczno.pl\/?page_id=73\",\"url\":\"https:\/\/naszdomopoczno.pl\/?page_id=73\",\"name\":\"DEKLARACJA DOST\u0118PNO\u015aCI - SP\u00d3\u0141DZIELNIA MIESZKANIOWA LOKATORSKO - W\u0141ASNO\u015aCIOWA &quot;NASZ DOM&quot; W OPOCZNIE\",\"isPartOf\":{\"@id\":\"https:\/\/naszdomopoczno.pl\/#website\"},\"datePublished\":\"2024-03-10T21:05:35+00:00\",\"breadcrumb\":{\"@id\":\"https:\/\/naszdomopoczno.pl\/?page_id=73#breadcrumb\"},\"inLanguage\":\"pl-PL\",\"potentialAction\":[{\"@type\":\"ReadAction\",\"target\":[\"https:\/\/naszdomopoczno.pl\/?page_id=73\"]}]},{\"@type\":\"BreadcrumbList\",\"@id\":\"https:\/\/naszdomopoczno.pl\/?page_id=73#breadcrumb\",\"itemListElement\":[{\"@type\":\"ListItem\",\"position\":1,\"name\":\"Home\",\"item\":\"https:\/\/naszdomopoczno.pl\/\"},{\"@type\":\"ListItem\",\"position\":2,\"name\":\"DEKLARACJA DOST\u0118PNO\u015aCI\"}]},{\"@type\":\"WebSite\",\"@id\":\"https:\/\/naszdomopoczno.pl\/#website\",\"url\":\"https:\/\/naszdomopoczno.pl\/\",\"name\":\"SP\u00d3\u0141DZIELNIA MIESZKANIOWA LOKATORSKO - W\u0141ASNO\u015aCIOWA &quot;NASZ DOM&quot; W OPOCZNIE\",\"description\":\"\",\"potentialAction\":[{\"@type\":\"SearchAction\",\"target\":{\"@type\":\"EntryPoint\",\"urlTemplate\":\"https:\/\/naszdomopoczno.pl\/?s={search_term_string}\"},\"query-input\":{\"@type\":\"PropertyValueSpecification\",\"valueRequired\":true,\"valueName\":\"search_term_string\"}}],\"inLanguage\":\"pl-PL\"}]}<\/script>\n<!-- \/ Yoast SEO plugin. -->","yoast_head_json":{"title":"DEKLARACJA DOST\u0118PNO\u015aCI - SP\u00d3\u0141DZIELNIA MIESZKANIOWA LOKATORSKO - W\u0141ASNO\u015aCIOWA &quot;NASZ DOM&quot; W OPOCZNIE","robots":{"index":"index","follow":"follow","max-snippet":"max-snippet:-1","max-image-preview":"max-image-preview:large","max-video-preview":"max-video-preview:-1"},"canonical":"https:\/\/naszdomopoczno.pl\/?page_id=73","og_locale":"pl_PL","og_type":"article","og_title":"DEKLARACJA DOST\u0118PNO\u015aCI - SP\u00d3\u0141DZIELNIA MIESZKANIOWA LOKATORSKO - W\u0141ASNO\u015aCIOWA &quot;NASZ DOM&quot; W OPOCZNIE","og_url":"https:\/\/naszdomopoczno.pl\/?page_id=73","og_site_name":"SP\u00d3\u0141DZIELNIA MIESZKANIOWA LOKATORSKO - W\u0141ASNO\u015aCIOWA &quot;NASZ DOM&quot; W OPOCZNIE","twitter_card":"summary_large_image","schema":{"@context":"https:\/\/schema.org","@graph":[{"@type":"WebPage","@id":"https:\/\/naszdomopoczno.pl\/?page_id=73","url":"https:\/\/naszdomopoczno.pl\/?page_id=73","name":"DEKLARACJA DOST\u0118PNO\u015aCI - SP\u00d3\u0141DZIELNIA MIESZKANIOWA LOKATORSKO - W\u0141ASNO\u015aCIOWA &quot;NASZ DOM&quot; W OPOCZNIE","isPartOf":{"@id":"https:\/\/naszdomopoczno.pl\/#website"},"datePublished":"2024-03-10T21:05:35+00:00","breadcrumb":{"@id":"https:\/\/naszdomopoczno.pl\/?page_id=73#breadcrumb"},"inLanguage":"pl-PL","potentialAction":[{"@type":"ReadAction","target":["https:\/\/naszdomopoczno.pl\/?page_id=73"]}]},{"@type":"BreadcrumbList","@id":"https:\/\/naszdomopoczno.pl\/?page_id=73#breadcrumb","itemListElement":[{"@type":"ListItem","position":1,"name":"Home","item":"https:\/\/naszdomopoczno.pl\/"},{"@type":"ListItem","position":2,"name":"DEKLARACJA DOST\u0118PNO\u015aCI"}]},{"@type":"WebSite","@id":"https:\/\/naszdomopoczno.pl\/#website","url":"https:\/\/naszdomopoczno.pl\/","name":"SP\u00d3\u0141DZIELNIA MIESZKANIOWA LOKATORSKO - W\u0141ASNO\u015aCIOWA &quot;NASZ DOM&quot; W OPOCZNIE","description":"","potentialAction":[{"@type":"SearchAction","target":{"@type":"EntryPoint","urlTemplate":"https:\/\/naszdomopoczno.pl\/?s={search_term_string}"},"query-input":{"@type":"PropertyValueSpecification","valueRequired":true,"valueName":"search_term_string"}}],"inLanguage":"pl-PL"}]}},"_links":{"self":[{"href":"https:\/\/naszdomopoczno.pl\/index.php?rest_route=\/wp\/v2\/pages\/73","targetHints":{"allow":["GET"]}}],"collection":[{"href":"https:\/\/naszdomopoczno.pl\/index.php?rest_route=\/wp\/v2\/pages"}],"about":[{"href":"https:\/\/naszdomopoczno.pl\/index.php?rest_route=\/wp\/v2\/types\/page"}],"author":[{"embeddable":true,"href":"https:\/\/naszdomopoczno.pl\/index.php?rest_route=\/wp\/v2\/users\/1"}],"replies":[{"embeddable":true,"href":"https:\/\/naszdomopoczno.pl\/index.php?rest_route=%2Fwp%2Fv2%2Fcomments&post=73"}],"version-history":[{"count":1,"href":"https:\/\/naszdomopoczno.pl\/index.php?rest_route=\/wp\/v2\/pages\/73\/revisions"}],"predecessor-version":[{"id":74,"href":"https:\/\/naszdomopoczno.pl\/index.php?rest_route=\/wp\/v2\/pages\/73\/revisions\/74"}],"wp:attachment":[{"href":"https:\/\/naszdomopoczno.pl\/index.php?rest_route=%2Fwp%2Fv2%2Fmedia&parent=73"}],"curies":[{"name":"wp","href":"https:\/\/api.w.org\/{rel}","templated":true}]}}